{"id":28,"date":"2020-05-02T20:18:33","date_gmt":"2020-05-02T18:18:33","guid":{"rendered":"http:\/\/wgfgcti.cluster028.hosting.ovh.net\/?page_id=28"},"modified":"2025-02-25T15:53:19","modified_gmt":"2025-02-25T14:53:19","slug":"presentation","status":"publish","type":"page","link":"https:\/\/elisatorres.fr\/index.php\/presentation\/","title":{"rendered":"Mon parcours"},"content":{"rendered":"\n<figure class=\"wp-block-gallery alignleft has-nested-images columns-default is-cropped wp-block-gallery-1 is-layout-flex wp-block-gallery-is-layout-flex\">\n<figure class=\"wp-block-image size-large\"><img loading=\"lazy\" decoding=\"async\" width=\"1024\" height=\"956\" data-id=\"4696\" src=\"https:\/\/elisatorres.fr\/wp-content\/uploads\/2020\/11\/DSC239hhhhh1-1-1024x956.jpg\" alt=\"\" class=\"wp-image-4696\" srcset=\"https:\/\/elisatorres.fr\/wp-content\/uploads\/2020\/11\/DSC239hhhhh1-1-1024x956.jpg 1024w, https:\/\/elisatorres.fr\/wp-content\/uploads\/2020\/11\/DSC239hhhhh1-1-300x280.jpg 300w, https:\/\/elisatorres.fr\/wp-content\/uploads\/2020\/11\/DSC239hhhhh1-1-768x717.jpg 768w, https:\/\/elisatorres.fr\/wp-content\/uploads\/2020\/11\/DSC239hhhhh1-1-1536x1435.jpg 1536w, https:\/\/elisatorres.fr\/wp-content\/uploads\/2020\/11\/DSC239hhhhh1-1-2048x1913.jpg 2048w\" sizes=\"auto, (max-width: 1024px) 100vw, 1024px\" \/><\/figure>\n<\/figure>\n\n\n\n<p class=\"has-text-color\" style=\"color:#fca800\"><em>\u00c9lisa TORRES <\/em><\/p>\n\n\n\n<p class=\"has-text-align-left\"><em><br>Je me suis form\u00e9e \u00e0 l&rsquo;hypnose de spectacle en 2015, depuis, j&rsquo;ai fait plus de 80 spectacles. <\/em><\/p>\n\n\n\n<p class=\"has-text-align-left\"><em>En 2016 je d\u00e9cide de me former \u00e0 l\u2019hypnose th\u00e9rapeutique d\u2019abord au Centre d\u2019Hypnoth\u00e9rapie R\u00e9gional d\u2019Orl\u00e9ans puis dans l\u2019\u00e9cole de psychoth\u00e9rapie parisienne Psynapse.<\/em><\/p>\n\n\n\n<p><em>J\u2019ai exerc\u00e9 au Centre d\u2019Hypnoth\u00e9rapie R\u00e9gional d\u2019Orl\u00e9ans en 2019-2020, en tant que th\u00e9rapeute puis formatrice en hypnose rapide. <\/em><\/p>\n\n\n\n<p><em>J&rsquo;ai ouvert mon cabinet en 2020, un chaleureux petit chalet pour vous accueillir ! <br>Je me suis form\u00e9e \u00e0 la sophrologie en 2020 afin de compl\u00e9ter mes outils th\u00e9rapeutiques et r\u00e9pondre au mieux \u00e0 chaque demande.<\/em> J&rsquo;ai d&rsquo;ailleurs cr\u00e9\u00e9 des cartes de sophrologie adapt\u00e9es \u00e0 l&rsquo;apprentissage des enfants afin de mieux compl\u00e9ter mes outils.<\/p>\n\n\n\n<p><em>En 2023, je propose mes formations en hypnose rapide, je deviens \u00e9galement chroniqueuse pour la radio M\u00e9gaFm pour r\u00e9pondre aux questions sur l&rsquo;hypnose.<\/em> <\/p>\n\n\n\n<p><em>Je suis une th\u00e9rapeute, passionn\u00e9e d&rsquo;hypnose sous diff\u00e9rentes formes et autres th\u00e9rapies.<\/em><\/p>\n\n\n\n<p><\/p>\n\n\n\n<p><\/p>\n\n\n\n<p><\/p>\n\n\n<div class=\"wp-block-image\">\n<figure class=\"aligncenter size-large is-resized\"><img loading=\"lazy\" decoding=\"async\" width=\"8791\" height=\"13371\" src=\"http:\/\/elisatorres.fr\/wp-content\/uploads\/2020\/05\/logo-ok-1.png\" alt=\"\" class=\"wp-image-4474\" style=\"width:197px;height:301px\" srcset=\"https:\/\/elisatorres.fr\/wp-content\/uploads\/2020\/05\/logo-ok-1.png 8791w, https:\/\/elisatorres.fr\/wp-content\/uploads\/2020\/05\/logo-ok-1-197x300.png 197w\" sizes=\"auto, (max-width: 8791px) 100vw, 8791px\" \/><\/figure>\n<\/div>","protected":false},"excerpt":{"rendered":"<p>\u00c9lisa TORRES Je me suis form\u00e9e \u00e0 l&rsquo;hypnose de spectacle en 2015, depuis, j&rsquo;ai fait plus de 80 spectacles. En 2016 je d\u00e9cide de me former \u00e0 l\u2019hypnose th\u00e9rapeutique d\u2019abord au Centre d\u2019Hypnoth\u00e9rapie R\u00e9gional d\u2019Orl\u00e9ans puis dans l\u2019\u00e9cole de psychoth\u00e9rapie parisienne Psynapse. J\u2019ai exerc\u00e9 au Centre d\u2019Hypnoth\u00e9rapie R\u00e9gional d\u2019Orl\u00e9ans en [&hellip;]<\/p>\n","protected":false},"author":1,"featured_media":253,"parent":0,"menu_order":0,"comment_status":"closed","ping_status":"closed","template":"","meta":{"footnotes":""},"class_list":["post-28","page","type-page","status-publish","has-post-thumbnail","hentry"],"_links":{"self":[{"href":"https:\/\/elisatorres.fr\/index.php\/wp-json\/wp\/v2\/pages\/28","targetHints":{"allow":["GET"]}}],"collection":[{"href":"https:\/\/elisatorres.fr\/index.php\/wp-json\/wp\/v2\/pages"}],"about":[{"href":"https:\/\/elisatorres.fr\/index.php\/wp-json\/wp\/v2\/types\/page"}],"author":[{"embeddable":true,"href":"https:\/\/elisatorres.fr\/index.php\/wp-json\/wp\/v2\/users\/1"}],"replies":[{"embeddable":true,"href":"https:\/\/elisatorres.fr\/index.php\/wp-json\/wp\/v2\/comments?post=28"}],"version-history":[{"count":16,"href":"https:\/\/elisatorres.fr\/index.php\/wp-json\/wp\/v2\/pages\/28\/revisions"}],"predecessor-version":[{"id":4783,"href":"https:\/\/elisatorres.fr\/index.php\/wp-json\/wp\/v2\/pages\/28\/revisions\/4783"}],"wp:featuredmedia":[{"embeddable":true,"href":"https:\/\/elisatorres.fr\/index.php\/wp-json\/"}],"wp:attachment":[{"href":"https:\/\/elisatorres.fr\/index.php\/wp-json\/wp\/v2\/media?parent=28"}],"curies":[{"name":"wp","href":"https:\/\/api.w.org\/{rel}","templated":true}]}}