{"id":4456,"date":"2020-05-28T17:37:32","date_gmt":"2020-05-28T15:37:32","guid":{"rendered":"http:\/\/elisatorres.fr\/?page_id=4456"},"modified":"2024-08-30T09:54:36","modified_gmt":"2024-08-30T07:54:36","slug":"tarifs","status":"publish","type":"page","link":"https:\/\/elisatorres.fr\/index.php\/tarifs\/","title":{"rendered":"Tarifs"},"content":{"rendered":"\n<div class=\"wp-block-buttons is-layout-flex wp-block-buttons-is-layout-flex\">\n<div class=\"wp-block-button\"><a class=\"wp-block-button__link wp-element-button\" href=\"https:\/\/www.crenolibre.fr\/prendre-rdv\/14596_elisa-torres\" target=\"_blank\" rel=\"noopener noreferrer\">Prendre Rendez-vous<\/a><\/div>\n<\/div>\n\n\n\n<h4 class=\"wp-block-heading has-accent-color has-text-color\"><strong><em>S\u00e9ance d&rsquo;hypnose th\u00e9rapeutique <\/em><\/strong><\/h4>\n\n\n\n<ul class=\"wp-block-list\">\n<li>Adulte : environ 1h : <strong>70 euros<\/strong><\/li>\n<\/ul>\n\n\n\n<ul class=\"wp-block-list\">\n<li>Enfant jusqu&rsquo;\u00e0 17 ans : environ 45 mn : <strong>60 euros <\/strong><\/li>\n<\/ul>\n\n\n\n<h4 class=\"wp-block-heading has-accent-color has-text-color\"><strong><em>S\u00e9ance d&rsquo;hypnose en entreprise<\/em><\/strong> <em>ou association<\/em><\/h4>\n\n\n\n<ul class=\"wp-block-list\">\n<li><strong><em><strong><em>Demande de devis sur : 06 63 74 85 12<\/em><\/strong><\/em><\/strong><\/li>\n<\/ul>\n\n\n\n<p><\/p>\n\n\n\n<h4 class=\"wp-block-heading has-accent-color has-text-color\"><strong><em>S\u00e9ance de sophrologie<\/em><\/strong><\/h4>\n\n\n\n<div class=\"wp-block-group\"><div class=\"wp-block-group__inner-container is-layout-flow wp-block-group-is-layout-flow\">\n<ul class=\"wp-block-list\">\n<li><em>S\u00e9ance : <strong>70 euros<\/strong><\/em> environ 1h<\/li>\n<\/ul>\n\n\n\n<ul class=\"wp-block-list\">\n<li>La sophrologie ne se met pas en place en une s\u00e9ance unique. (Il faudra compter un minimum de 3 s\u00e9ances)<\/li>\n<\/ul>\n\n\n\n<p><\/p>\n\n\n\n<p><strong><em><span class=\"has-inline-color has-accent-color\">S\u00e9ances de groupe (entreprises, associations, etc) : <\/span><\/em><\/strong><\/p>\n\n\n\n<ul class=\"wp-block-list\">\n<li><strong><em><strong><em>Demande de devis sur : 06 63 74 85 12<\/em><\/strong><\/em><\/strong><\/li>\n<\/ul>\n<\/div><\/div>\n\n\n<div class=\"wp-block-image\">\n<figure class=\"aligncenter size-large is-resized\"><img loading=\"lazy\" decoding=\"async\" width=\"8791\" height=\"13371\" src=\"http:\/\/elisatorres.fr\/wp-content\/uploads\/2020\/05\/logo-ok-1.png\" alt=\"\" class=\"wp-image-4474\" style=\"width:223px;height:339px\" srcset=\"https:\/\/elisatorres.fr\/wp-content\/uploads\/2020\/05\/logo-ok-1.png 8791w, https:\/\/elisatorres.fr\/wp-content\/uploads\/2020\/05\/logo-ok-1-197x300.png 197w\" sizes=\"auto, (max-width: 8791px) 100vw, 8791px\" \/><\/figure>\n<\/div>","protected":false},"excerpt":{"rendered":"<p>S\u00e9ance d&rsquo;hypnose th\u00e9rapeutique S\u00e9ance d&rsquo;hypnose en entreprise ou association S\u00e9ance de sophrologie S\u00e9ances de groupe (entreprises, associations, etc) :<\/p>\n","protected":false},"author":1,"featured_media":0,"parent":0,"menu_order":0,"comment_status":"closed","ping_status":"closed","template":"","meta":{"footnotes":""},"class_list":["post-4456","page","type-page","status-publish","hentry"],"_links":{"self":[{"href":"https:\/\/elisatorres.fr\/index.php\/wp-json\/wp\/v2\/pages\/4456","targetHints":{"allow":["GET"]}}],"collection":[{"href":"https:\/\/elisatorres.fr\/index.php\/wp-json\/wp\/v2\/pages"}],"about":[{"href":"https:\/\/elisatorres.fr\/index.php\/wp-json\/wp\/v2\/types\/page"}],"author":[{"embeddable":true,"href":"https:\/\/elisatorres.fr\/index.php\/wp-json\/wp\/v2\/users\/1"}],"replies":[{"embeddable":true,"href":"https:\/\/elisatorres.fr\/index.php\/wp-json\/wp\/v2\/comments?post=4456"}],"version-history":[{"count":29,"href":"https:\/\/elisatorres.fr\/index.php\/wp-json\/wp\/v2\/pages\/4456\/revisions"}],"predecessor-version":[{"id":4778,"href":"https:\/\/elisatorres.fr\/index.php\/wp-json\/wp\/v2\/pages\/4456\/revisions\/4778"}],"wp:attachment":[{"href":"https:\/\/elisatorres.fr\/index.php\/wp-json\/wp\/v2\/media?parent=4456"}],"curies":[{"name":"wp","href":"https:\/\/api.w.org\/{rel}","templated":true}]}}